{"id":18,"date":"2016-11-16T23:26:12","date_gmt":"2016-11-16T23:26:12","guid":{"rendered":"https:\/\/lnhambaravi.ee?page_id=18"},"modified":"2019-01-30T08:23:25","modified_gmt":"2019-01-30T08:23:25","slug":"broneerimine","status":"publish","type":"page","link":"https:\/\/lnhambaravi.ee\/et\/broneerimine\/","title":{"rendered":"Broneeri aeg"},"content":{"rendered":"<div class=\"row\">\n<div class=\"col-md-7\">\n\n<div class=\"wpcf7 no-js\" id=\"wpcf7-f5-o1\" lang=\"et\" dir=\"ltr\" data-wpcf7-id=\"5\">\n<div class=\"screen-reader-response\"><p role=\"status\" aria-live=\"polite\" aria-atomic=\"true\"><\/p> <ul><\/ul><\/div>\n<form action=\"\/et\/wp-json\/wp\/v2\/pages\/18#wpcf7-f5-o1\" method=\"post\" class=\"wpcf7-form init\" aria-label=\"Contact form\" novalidate=\"novalidate\" data-status=\"init\">\n<fieldset class=\"hidden-fields-container\"><input type=\"hidden\" name=\"_wpcf7\" value=\"5\" \/><input type=\"hidden\" name=\"_wpcf7_version\" value=\"6.1.5\" \/><input type=\"hidden\" name=\"_wpcf7_locale\" value=\"et\" \/><input type=\"hidden\" name=\"_wpcf7_unit_tag\" value=\"wpcf7-f5-o1\" \/><input type=\"hidden\" name=\"_wpcf7_container_post\" value=\"0\" \/><input type=\"hidden\" name=\"_wpcf7_posted_data_hash\" value=\"\" \/><input type=\"hidden\" name=\"_wpcf7_recaptcha_response\" value=\"\" \/>\n<\/fieldset>\n<div class=\"wpcf7-response-output\" aria-hidden=\"true\"><\/div>\n<div class=\"row\">\n\t<div class=\"col-md-6\">\n\t\t<div class=\"form-group\">\n\t\t\t<p>Eesnimi *<br \/>\n<span class=\"wpcf7-form-control-wrap\" data-name=\"surname\"><input size=\"40\" maxlength=\"400\" class=\"wpcf7-form-control wpcf7-text wpcf7-validates-as-required\" aria-required=\"true\" aria-invalid=\"false\" value=\"\" type=\"text\" name=\"surname\" \/><\/span>\n\t\t\t<\/p>\n\t\t<\/div>\n\t<\/div>\n\t<div class=\"col-md-6\">\n\t\t<div class=\"form-group\">\n\t\t\t<p>Perekonnanimi *<br \/>\n<span class=\"wpcf7-form-control-wrap\" data-name=\"family\"><input size=\"40\" maxlength=\"400\" class=\"wpcf7-form-control wpcf7-text wpcf7-validates-as-required\" aria-required=\"true\" aria-invalid=\"false\" value=\"\" type=\"text\" name=\"family\" \/><\/span>\n\t\t\t<\/p>\n\t\t<\/div>\n\t<\/div>\n<\/div>\n<div class=\"row\">\n\t<div class=\"col-md-6\">\n\t\t<div class=\"form-group\">\n\t\t\t<p>Telefon *<br \/>\n<span class=\"wpcf7-form-control-wrap\" data-name=\"phone\"><input size=\"40\" maxlength=\"400\" class=\"wpcf7-form-control wpcf7-text wpcf7-validates-as-required\" aria-required=\"true\" aria-invalid=\"false\" value=\"\" type=\"text\" name=\"phone\" \/><\/span>\n\t\t\t<\/p>\n\t\t<\/div>\n\t<\/div>\n\t<div class=\"col-md-6\">\n\t\t<div class=\"form-group\">\n\t\t\t<p>E-post<br \/>\n<span class=\"wpcf7-form-control-wrap\" data-name=\"email\"><input size=\"40\" maxlength=\"400\" class=\"wpcf7-form-control wpcf7-email wpcf7-text wpcf7-validates-as-email\" aria-invalid=\"false\" value=\"\" type=\"email\" name=\"email\" \/><\/span>\n\t\t\t<\/p>\n\t\t<\/div>\n\t<\/div>\n<\/div>\n<div class=\"row\">\n\t<div class=\"col-md-6\">\n\t\t<div class=\"form-group\">\n\t\t\t<p>Soovitud kuup\u00e4ev<br \/>\n        <span  class=\"wpcf7-form-control-wrap date\" data-name=\"date\">\n        \t<input size=\"40\" class=\"wpcf7-form-control wpcf7-datepicker datepicker gmdpcf_datepicker\" value=\"\" format=\"dd.mm.yy\" min_val=\"no_limit\" max_val=\"no_limit\" disable_weekdays=\"\" aria-invalid=\"false\" type=\"text\" name=\"date\" \/>\n        \t\t\t<\/span >\n        \n\t\t\t<\/p>\n\t\t<\/div>\n\t<\/div>\n\t<div class=\"col-md-6\">\n\t\t<div class=\"form-group\">\n\t\t\t<p>Soovitud teenus<br \/>\n<span class=\"wpcf7-form-control-wrap\" data-name=\"service\"><input size=\"40\" maxlength=\"400\" class=\"wpcf7-form-control wpcf7-text\" aria-invalid=\"false\" value=\"\" type=\"text\" name=\"service\" \/><\/span>\n\t\t\t<\/p>\n\t\t<\/div>\n\t<\/div>\n<\/div>\n<div class=\"row\">\n\t<div class=\"col-md-12\">\n\t\t<div class=\"form-group\">\n\t\t\t<p>Lisainfo<br \/>\n<span class=\"wpcf7-form-control-wrap\" data-name=\"description\"><textarea cols=\"40\" rows=\"10\" maxlength=\"2000\" class=\"wpcf7-form-control wpcf7-textarea\" aria-invalid=\"false\" name=\"description\"><\/textarea><\/span>\n\t\t\t<\/p>\n\t\t<\/div>\n\t<\/div>\n<\/div>\n<p class=\"submit\"><input class=\"wpcf7-form-control wpcf7-submit has-spinner\" type=\"submit\" value=\"Saada\" \/>\n<\/p>\n<p>NB! Selle broneeringuvormi t\u00e4itmine ei garanteeri vastuv\u00f5tuaega. Aja kinnitamiseks v\u00f5tab Teiega \u00fchendust meie administraator. Raviaja reserveerimine aitab kinni pidada raviks etten\u00e4htud ajalimiidist ning sellep\u00e4rast palume Teid koosk\u00f5lastada soovitud raviaeg administraatoriga. Etten\u00e4gematute asjaolude ilmnemisel, mis takistavad Teid ravile tulemast, palume meid kindlasti eelnevalt informeerida. Samas on v\u00f5imalik tellida meilt ka raviaja meeldetuletust.\n<\/p>\n<\/form>\n<\/div>\n\n<\/div>\n<div class=\"col-md-offset-1 col-md-4\">\n<div class=\"contact-data\">\n<strong>Telefon:<\/strong><br \/>\n<a href=\"tel:+37256966868\">+372 5696 6868<\/a><\/p>\n<p><strong>E-post:<\/strong><br \/>\n<a href=\"mailto:info@lnhambaravi.ee\">info@lnhambaravi.ee<\/a><\/p>\n<p><strong>Aadress:<\/strong><br \/>\nKentmanni tn. 6, Tallinn 10116<\/p>\n<p><strong>Parkimine ja \u00fchistransport:<\/strong><br \/>\n<a href=\"http:\/\/kaart.tallinn.ee\/Tallinn\/Show?REQUEST=Main&amp;BG=0&amp;BBOX=540033.6,6587271.6,544859.6,6589762.9&amp;LAYERS=1069,1000&amp;STYLES=,&amp;lang=est\" target=\"_blank\" rel=\"noopener\">Parklad ja hinnad<\/a><br \/>\n<a href=\"http:\/\/soiduplaan.tallinn.ee\/#plan\/\/59.43166;24.74992\/map\" target=\"_blank\" rel=\"noopener\">\u00dchistransport<\/a><\/p>\n<\/div>\n<\/div>\n<\/div>\n","protected":false},"excerpt":{"rendered":"<p>Telefon: +372 5696 6868 E-post: info@lnhambaravi.ee Aadress: Kentmanni tn. 6, Tallinn 10116 Parkimine ja \u00fchistransport: Parklad ja hinnad \u00dchistransport<\/p>\n","protected":false},"author":1,"featured_media":0,"parent":0,"menu_order":0,"comment_status":"closed","ping_status":"closed","template":"page-custom.php","meta":{"footnotes":""},"class_list":["post-18","page","type-page","status-publish","hentry"],"_links":{"self":[{"href":"https:\/\/lnhambaravi.ee\/et\/wp-json\/wp\/v2\/pages\/18","targetHints":{"allow":["GET"]}}],"collection":[{"href":"https:\/\/lnhambaravi.ee\/et\/wp-json\/wp\/v2\/pages"}],"about":[{"href":"https:\/\/lnhambaravi.ee\/et\/wp-json\/wp\/v2\/types\/page"}],"author":[{"embeddable":true,"href":"https:\/\/lnhambaravi.ee\/et\/wp-json\/wp\/v2\/users\/1"}],"replies":[{"embeddable":true,"href":"https:\/\/lnhambaravi.ee\/et\/wp-json\/wp\/v2\/comments?post=18"}],"version-history":[{"count":5,"href":"https:\/\/lnhambaravi.ee\/et\/wp-json\/wp\/v2\/pages\/18\/revisions"}],"predecessor-version":[{"id":240,"href":"https:\/\/lnhambaravi.ee\/et\/wp-json\/wp\/v2\/pages\/18\/revisions\/240"}],"wp:attachment":[{"href":"https:\/\/lnhambaravi.ee\/et\/wp-json\/wp\/v2\/media?parent=18"}],"curies":[{"name":"wp","href":"https:\/\/api.w.org\/{rel}","templated":true}]}}