{"id":2,"date":"2016-11-14T14:48:30","date_gmt":"2016-11-14T14:48:30","guid":{"rendered":"https:\/\/lnhambaravi.ee\/?page_id=2"},"modified":"2016-11-17T18:34:06","modified_gmt":"2016-11-17T18:34:06","slug":"teenused","status":"publish","type":"page","link":"https:\/\/lnhambaravi.ee\/et\/","title":{"rendered":"Teenused"},"content":{"rendered":"<div class=\"hrf-faq-list\"><article class=\"hrf-entry\" id=\"hrf-entry-148\">\n                      <h2 class=\"hrf-title close-faq\" data-content-id=\"hrf-content-148\"><span><\/span>Konsultatsioonid ja diagnostika<\/h2>\n                     <div class=\"hrf-content\" id=\"hrf-content-148\"><p>Esmakordsel visiidil teeme konsultatsiooni, mille k\u00e4igus selgitame v\u00e4lja patsiendi anamneesi ja hammaskonna seisukorda, teostame vajalikud l\u00e4bivaatused ning uuringud. Fikseerime suu\u00f5\u00f5ne seisukorda ning arutleme raviplaani.<\/p>\n<p>Kliinikumis kasutame uusimaid juhtiva USA hambaraviseadmete tootja A-dec seadmeid ja k\u00f5rgekvaliteedilisi materjale. Kliinikumis on olemas k\u00f5ik kaasaegsed diagnostikavahendid: intraoraalsed r\u00f6ntgeniseadmed, panoraamr\u00f6ntgen, intraoraalkaamera, etc.<\/p>\n<\/div>\n                  <\/article><article class=\"hrf-entry\" id=\"hrf-entry-149\">\n                      <h2 class=\"hrf-title close-faq\" data-content-id=\"hrf-content-149\"><span><\/span>Hambaravi<\/h2>\n                     <div class=\"hrf-content\" id=\"hrf-content-149\"><p>Hambaravi on hambadefektide parandamine erinevate t\u00e4idismaterjalidega. T\u00e4nap\u00e4eval need on: klaasionomeertsemendid, komposiidid, kuld- v\u00f5i portselanpanused. Hambaravi eesm\u00e4rk on \u00e4ra hoida haiguse teket ja sellest tekkivaid komplikatsioone.<\/p>\n<\/div>\n                  <\/article><article class=\"hrf-entry\" id=\"hrf-entry-152\">\n                      <h2 class=\"hrf-title close-faq\" data-content-id=\"hrf-content-152\"><span><\/span>Igemeravi<\/h2>\n                     <div class=\"hrf-content\" id=\"hrf-content-152\"><p>K\u00f5ige sagedamini esinevad igemehaigused on erinevad igemep\u00f5letikud: parodontiit ja gingiviit.<\/p>\n<p>Igemep\u00f5letike peamiseks p\u00f5hjustajaks on hambakatus ja hambakivis elavad suu\u00f5\u00f5ne mikroobid, mis muudavad igemed p\u00f5letikulisteks. Igemep\u00f5letiku s\u00fcmptomid on veritsevad igemed, igemete turse, hammaste tundlikkus, vahede tekkimine hammaste vahele, halb hinge\u00f5hk.<\/p>\n<p>Igemeravi on v\u00e4ga oluline, sest p\u00f5letik v\u00f5ib minna edasi hambahoideaparaadi ja luuni ja p\u00f5hjustada hammaste kinnituskudede v\u00e4henemist, hammaste liikuvust ning edasist hammaste kaotamist.<\/p>\n<p>Nii gingiviidi kui ka parodontiidi ravil kasutame soodapesu, ultraheli instrumente ja ka k\u00e4sit\u00f6\u00f6riistu.<\/p>\n<\/div>\n                  <\/article><article class=\"hrf-entry\" id=\"hrf-entry-153\">\n                      <h2 class=\"hrf-title close-faq\" data-content-id=\"hrf-content-153\"><span><\/span>Juureravi<\/h2>\n                     <div class=\"hrf-content\" id=\"hrf-content-153\"><p>Juureravi eesm\u00e4rk on hamba juurekanalite puhastamine ja laiendamine, mikroobide eemaldamine juurekanalitest ning hilisem juurekanalite hermeetiline t\u00e4itmine. Juureravi k\u00e4igus tehakse <strong>v\u00e4hemalt 3!<\/strong> r\u00f6ntgenpilti, millega kontrollitakse ravi teostust erinevates etappides. Esimene r\u00f6ntgenpilt tehakse vahetult enne ravi alustamist diagnoosi ja hamba anatoomia v\u00e4ljaselgitamiseks. Teine r\u00f6ntgenpilt tehakse juureravi k\u00e4igus, millega kontrollitakse juurekanalite l\u00e4bitavust. Viimane r\u00f6ntgenpilt tehakse peale juuret\u00e4idise asetamist. Keerulisemate juhtumite puhul teostatakse ka lisa r\u00f6ntgeniuuringuid.<\/p>\n<p>Oma t\u00f6\u00f6s juuret\u00e4idise asetamisel kasutame soojendatud GP tehnikat. Raske tehnika n\u00f5uab spetsiaalse aparatuuri olemasolu, kuid selle valdamine annab suurep\u00e4rase l\u00f5pptulemuse.<\/p>\n<p>Peale juureravi v\u00f5ib hammas alguses muutuda tundlikuks ja isegi valutada. Tavaliselt valus\u00fcmptomid kaovad paari p\u00e4evaga. \u00c4\u00e4rmiselt t\u00e4htis peale juureravi on taastada hambakroon, v\u00e4ltimaks mikroobide sisenemist juurekanalite suudmetesse.<\/p>\n<\/div>\n                  <\/article><article class=\"hrf-entry\" id=\"hrf-entry-154\">\n                      <h2 class=\"hrf-title close-faq\" data-content-id=\"hrf-content-154\"><span><\/span>Kirurgia<\/h2>\n                     <div class=\"hrf-content\" id=\"hrf-content-154\"><p>On mitmeid p\u00f5hjuseid , mille t\u00f5ttu hammas tuleb eemaldada. Enamlevinud nendest on: ulatuslik kaaries, kaugelearenenud periodontaalhaigus, abstsess, ortodontiline korrektsioon, tarkusehammas, murdunud hamba\/juureosa, m\u00f5ra juureosas.<\/p>\n<p>Protseduur teostatakse ambulatoorselt lokaalse anesteesiaga. \u00dcldjuhul t\u00e4nap\u00e4eval hamba eemaldamine on valutu protseduur, ilma et patsient tunneks ebamugavust. Anasteesia m\u00f6\u00f6dumisel v\u00f5ib tekkida haava piirkonnas hellust v\u00f5i valu, mille leevendamiseks soovitame oma patsientidele kasutada NSAID nt. Ibumetin.<\/p>\n<\/div>\n                  <\/article><article class=\"hrf-entry\" id=\"hrf-entry-155\">\n                      <h2 class=\"hrf-title close-faq\" data-content-id=\"hrf-content-155\"><span><\/span>Proteesimine<\/h2>\n                     <div class=\"hrf-content\" id=\"hrf-content-155\"><p>Proteesimine on puuduolevate hammaste v\u00f5i selle osade asendamine hambalaboris valmistatud erinevat t\u00fc\u00fcpi proteesidega. Proteeside t\u00fc\u00fcbid on: \u00fcksiku hamba restauratsioonid (laminaadid, panused (inlay, onlay, overlay)) ja kroonid.<\/p>\n<p><strong>Laminaat<\/strong><\/p>\n<p>Kui hambad on v\u00e4rvuselt inetud ja valgendamine ei aita on abiks laminaadid. Laminaate valmistatakse portselanist ja nendega kaetakse esihammaste huulepoolseid pindu. Laminaatidega saab parandada esteetikat. Laminaatide tegemise asemel on vahel soovitatav hambaid kroonida. Laminaatide puhul on vastun\u00e4idustuseks n\u00e4iteks suurte t\u00e4idiste olemasolu konkreetsel hambal.<\/p>\n<p><strong>Panus<\/strong> ehk laboris valmistatud t\u00e4idis. Keskmise suurusega hambadefektide puhul on otstarbekas panuste valmistamine, sest panuse tegemisel s\u00e4ilitatakse v\u00f5imalikult palju oma hamba kudet. Panuste valmistamiseks v\u00f5ib kasutada kas kullasulamit, keraamilist v\u00f5i komposiit materjali. Kullasulamist panused on v\u00e4ga vastupidavad, keraamilisest materjalist valmistatud panused aga esteetilised.<\/p>\n<p><strong>Hambakroon<\/strong><\/p>\n<p>Hambale krooni valmistamine t\u00e4hendab hamba pinnakihi asendamist p\u00fcsiva materjaliga, mis taastab hamba tugevuse ja ilu. Hambale krooni valmistamine on n\u00e4idustatud j\u00e4rgmistel juhtudel:<\/p>\n<ul>\n<li>Kui hambast on v\u00e4he j\u00e4rel v\u00f5i kui ta koosneb suuremalt osalt t\u00e4idisest. Ulatuslikud t\u00e4idised, eriti purihammastel, ei ole m\u00f5eldud suure m\u00e4lumiskoormuse talumiseks ning seet\u00f5ttu kuluvad suhteliselt kiiresti. Tagaj\u00e4rjeks on hambumuse madaldumine, mis omakorda v\u00f5ib endaga kaasa tuua esteetilisi ja funktsionaalseid probleeme tulevikus.<\/li>\n<li>P\u00e4rast juureravi on \u00fcldjuhul soovitatav hammast kroonida. Hammas, mille juurekanaleid on ravitud, v\u00f5ib kergesti murduda. Hambakroon toestab s\u00e4ilinud hambakudesid ja v\u00e4hendab murdumise ohtu.<\/li>\n<li>Kui hambast on j\u00e4rel ainult juur, siis on sedagi teatud tingimustel v\u00f5imalik edukalt kroonida. Eeltingimuseks on tihvthamba valmistamine ja tsementeerimine hambajuure sisse.<\/li>\n<\/ul>\n<p>Kvaliteetselt valmistatud kroon v\u00f5ib suus p\u00fcsida isegi aastak\u00fcmneid, kuid ennek\u00f5ike oleneb krooni vastupidavus hammaste hooldusest.<\/p>\n<p><strong>Sildprotees<\/strong><\/p>\n<p>Sild on puuduvat hammast asendav suust mitte-eemaldatav konstruktsioon, mis kinnitub naaberhammastele. Silla valmistamine on n\u00e4idustatud, kui defekti piiravad naaberhambad on tugevalt kahjustatud ning vajavad kroonimist. Kui naaberhambad on terved v\u00f5i v\u00e4he kahjustatud, siis on puuduvat hammast (v\u00f5i hambaid) parem asendada hambaimplantaadiga v\u00f5i implantaatidega.<\/p>\n<p><strong>Plaatprotees<\/strong><\/p>\n<p>See on plastmassist protees, kus ei kasutata rohkem metallist elemente, kui (vajaduse korral) klambreid proteesi fikseerimiseks. Plaatproteesid tehakse juhul, kui k\u00f5ik hambad v\u00f5i enamus nendest on kaotatud. Samuti v\u00f5ib seda kasutada ajutise proteesina enne l\u00f5pliku proteesi valmimist, asendamaks kiiresti puuduvat hammast. Kuigi see on odavamat t\u00fc\u00fcpi protees, ei soovitata seda pikemaajaliseks kasutamiseks \u00fcksikute hammaste asendamisel, kuna m\u00f5jub halvasti hammastele ja igemetele. Vajab sagedast kontrolli.<\/p>\n<p><strong>B\u00fc\u00fcgelprotees<\/strong><\/p>\n<p>B\u00fc\u00fcgelproteesil on metallkarkass. See annab konstruktsioonile tugevuse ja v\u00f5imaldab anda proteesile v\u00e4iksemad m\u00f5\u00f5tmed, mis omakorda suurendab proteesi kasutamise mugavust. B\u00fc\u00fcgelprotees toetub suus olevatele hammastele tugiklambrite abil, j\u00e4ttes suus olevate hammaste pinnad ja igemed suures osas vabaks. B\u00fc\u00fcgelprotees asendab puuduvaid hambaid ja valmistatakse siis, kui sildade valmistamine ja\/v\u00f5i implantaatide paigaldamine ei ole v\u00f5imalik.<\/p>\n<p><strong>Kombineeritud protees<\/strong><\/p>\n<p>Kombineeritud protees t\u00e4hendab erinevat liiki proteeside kombineerimist. N\u00e4iteks v\u00f5ib osa hambaid taastada kroonide v\u00f5i sildadega, osa aga asendada eemaldatava proteesiga, mis kinnitub lukuga kroonide k\u00fclge. Kasutamismugavus on enamasti hea. Valmistatakse siis, kui k\u00f5iki hambaid ei ole v\u00f5imalik asendada suust mitte-eemaldatavate proteesidega.<\/p>\n<\/div>\n                  <\/article><article class=\"hrf-entry\" id=\"hrf-entry-156\">\n                      <h2 class=\"hrf-title close-faq\" data-content-id=\"hrf-content-156\"><span><\/span>Hammaste valgendamine<\/h2>\n                     <div class=\"hrf-content\" id=\"hrf-content-156\"><p>Hammaste valgendamine toimub spetsiaalsete valgendavate preparaatide abil, mis eemaldavad hambakudedest pigmente.<\/p>\n<p>Valgendada on v\u00f5imalik ainult oma hambaid, kuna kroonid ja t\u00e4idised valgendamisel oma v\u00e4rvust ei muuda.<\/p>\n<p>Hambad on v\u00f5imalik valgendada nii hambaarsti vastuv\u00f5tul kui ka kodus, tellides endale laborist tehtud valgenduskaped.<\/p>\n<p><strong>NB! Enne valgendusprotseduuri on tarvis eemaldada hambakivi ja teostada suu\u00f5\u00f5ne h\u00fcgieeni.<\/strong><\/p>\n<p>Peale valgendamist v\u00f5ivad hambad muutuda tundlikuks, kuid see on ajutine ja m\u00f6\u00f6dub paari p\u00e4eva jooksul. Paari p\u00e4eva jooksul peale valgendamist ei ole soovituslik s\u00fc\u00fca ja juua tugevalt toidupigmente sisaldavaid toiduaineid!<\/p>\n<\/div>\n                  <\/article><article class=\"hrf-entry\" id=\"hrf-entry-157\">\n                      <h2 class=\"hrf-title close-faq\" data-content-id=\"hrf-content-157\"><span><\/span>Suu\u00f5\u00f5ne h\u00fcgieen<\/h2>\n                     <div class=\"hrf-content\" id=\"hrf-content-157\"><p>Hambaravi t\u00e4htsamaks etapiks on s\u00fc\u00fc\u00f5\u00f5ne professionaalne h\u00fcgieen. Suu\u00f5\u00f5ne h\u00fcgieeni eesm\u00e4rk on h\u00fcgieeni \u00f5petus patsiendile.<\/p>\n<p>H\u00fcgieeni \u00f5petuse k\u00e4igus n\u00f5ustame patsiente suutervishoiu teemal, ning anname individuaalseid soovitusi suuhoolduseks. Ravil kasutame soodapesu, ultraheli instrumente ja ka k\u00e4sit\u00f6\u00f6riistu.<\/p>\n<p><strong>Suu\u00f5\u00f5ne h\u00fcgieeni eesm\u00e4rk:<\/strong><\/p>\n<ul>\n<li>hambakatu ja hambakivi eemaldamine<\/li>\n<li>h\u00fcgieeni \u00f5petus patsiendile (\u00f5iged h\u00fcgieeniv\u00f5tted!)<\/li>\n<li>sobivate h\u00fcgieenivahendite valik (hambapastad, harjad ja hambaniidid)<\/li>\n<\/ul>\n<p>Seda teostab kas hambaarst v\u00f5i h\u00fcgienist. Hammaste suu\u00f5\u00f5ne h\u00fcgieeni soovitame \u00fcldjuhul teostada kaks korda aastas.<\/p>\n<p>Hammaste professionaalne puhastamine eelneb teistele ravi etappidele.<\/p>\n<\/div>\n                  <\/article><\/div>\n","protected":false},"excerpt":{"rendered":"","protected":false},"author":1,"featured_media":0,"parent":0,"menu_order":0,"comment_status":"open","ping_status":"open","template":"","meta":{"footnotes":""},"class_list":["post-2","page","type-page","status-publish","hentry"],"_links":{"self":[{"href":"https:\/\/lnhambaravi.ee\/et\/wp-json\/wp\/v2\/pages\/2","targetHints":{"allow":["GET"]}}],"collection":[{"href":"https:\/\/lnhambaravi.ee\/et\/wp-json\/wp\/v2\/pages"}],"about":[{"href":"https:\/\/lnhambaravi.ee\/et\/wp-json\/wp\/v2\/types\/page"}],"author":[{"embeddable":true,"href":"https:\/\/lnhambaravi.ee\/et\/wp-json\/wp\/v2\/users\/1"}],"replies":[{"embeddable":true,"href":"https:\/\/lnhambaravi.ee\/et\/wp-json\/wp\/v2\/comments?post=2"}],"version-history":[{"count":5,"href":"https:\/\/lnhambaravi.ee\/et\/wp-json\/wp\/v2\/pages\/2\/revisions"}],"predecessor-version":[{"id":161,"href":"https:\/\/lnhambaravi.ee\/et\/wp-json\/wp\/v2\/pages\/2\/revisions\/161"}],"wp:attachment":[{"href":"https:\/\/lnhambaravi.ee\/et\/wp-json\/wp\/v2\/media?parent=2"}],"curies":[{"name":"wp","href":"https:\/\/api.w.org\/{rel}","templated":true}]}}